{"id":6979,"date":"2020-02-22T13:59:20","date_gmt":"2020-02-22T12:59:20","guid":{"rendered":"https:\/\/xdnavigator.de\/impressum\/"},"modified":"2021-11-10T12:11:13","modified_gmt":"2021-11-10T11:11:13","slug":"imprint","status":"publish","type":"page","link":"https:\/\/xdnavigator.de\/en\/imprint\/","title":{"rendered":"Imprint"},"content":{"rendered":"\t\t<div data-elementor-type=\"wp-page\" data-elementor-id=\"6979\" class=\"elementor elementor-6979 elementor-1458\" data-elementor-post-type=\"page\">\n\t\t\t\t\t\t<section class=\"elementor-section elementor-top-section elementor-element elementor-element-508fc4e elementor-section-full_width elementor-section-height-default elementor-section-height-default\" data-id=\"508fc4e\" data-element_type=\"section\" data-e-type=\"section\">\n\t\t\t\t\t\t<div class=\"elementor-container elementor-column-gap-default\">\n\t\t\t\t\t<div class=\"elementor-column elementor-col-100 elementor-top-column elementor-element elementor-element-75b2a88\" data-id=\"75b2a88\" data-element_type=\"column\" data-e-type=\"column\" data-settings=\"{&quot;background_background&quot;:&quot;classic&quot;}\">\n\t\t\t<div class=\"elementor-widget-wrap elementor-element-populated\">\n\t\t\t\t\t\t<div class=\"elementor-element elementor-element-4e1236a elementor-widget elementor-widget-heading\" data-id=\"4e1236a\" data-element_type=\"widget\" data-e-type=\"widget\" data-widget_type=\"heading.default\">\n\t\t\t\t<div class=\"elementor-widget-container\">\n\t\t\t\t\t<h1 class=\"elementor-heading-title elementor-size-default\">Imprint<\/h1>\t\t\t\t<\/div>\n\t\t\t\t<\/div>\n\t\t\t\t<div class=\"elementor-element elementor-element-acf6da1 elementor-widget elementor-widget-text-editor\" data-id=\"acf6da1\" data-element_type=\"widget\" data-e-type=\"widget\" data-widget_type=\"text-editor.default\">\n\t\t\t\t<div class=\"elementor-widget-container\">\n\t\t\t\t\t\t\t\t\t<p>&lt; <a href=\"https:\/\/www.xdnavigator.com\">Back<\/a><\/p>\t\t\t\t\t\t\t\t<\/div>\n\t\t\t\t<\/div>\n\t\t\t\t\t<\/div>\n\t\t<\/div>\n\t\t\t\t\t<\/div>\n\t\t<\/section>\n\t\t\t\t<section class=\"elementor-section elementor-top-section elementor-element elementor-element-a1575ba elementor-section-full_width elementor-section-height-default elementor-section-height-default\" data-id=\"a1575ba\" data-element_type=\"section\" data-e-type=\"section\">\n\t\t\t\t\t\t<div class=\"elementor-container elementor-column-gap-default\">\n\t\t\t\t\t<div class=\"elementor-column elementor-col-50 elementor-top-column elementor-element elementor-element-b0b9e4d\" data-id=\"b0b9e4d\" data-element_type=\"column\" data-e-type=\"column\">\n\t\t\t<div class=\"elementor-widget-wrap elementor-element-populated\">\n\t\t\t\t\t\t<div class=\"elementor-element elementor-element-bba9853 elementor-widget elementor-widget-text-editor\" data-id=\"bba9853\" data-element_type=\"widget\" data-e-type=\"widget\" data-widget_type=\"text-editor.default\">\n\t\t\t\t<div class=\"elementor-widget-container\">\n\t\t\t\t\t\t\t\t\t<h3>1. Angaben gem\u00e4\u00df \u00a7 5 TMG<\/h3><p><b>XDnavigator<\/b><br \/>Michael Dedio<br \/>Goldbacher Stra\u00dfe 100<br \/>63741 Aschaffenburg<\/p><p>Telefon: 06021 13048090<br \/>Telefax: 06021 13048099<br \/>E-Mail:\u00a0<a href=\"mailto:info@xdnavigator.de\"><span id=\"eeb-267175\">info@xdnavigator.de<\/span><\/a><\/p><p>Umsatzsteuer-ID (Ust.-ID gem\u00e4\u00df \u00a727 a Umsatzsteuergesetz): DE206896828<\/p><p>\u00a0<\/p><h3>2. Verantwortlichkeit<\/h3><p>Verantwortlich f\u00fcr den Inhalt nach \u00a7 55 Abs. 2 RStV:<br \/>Michael Dedio<br \/>(Anschrift wie oben)<\/p><p>Copyright \u00a9 XDnavigator, Michael Dedio. Diese Webseite darf kostenlos verlinkt werden. Keinerlei Gew\u00e4hr f\u00fcr Vollst\u00e4ndigkeit, Aktualit\u00e4t und Richtigkeit. Jegliche Haftung ist ausgeschlossen.<\/p><p>\u00a0<\/p><h3>3. Streitschlichtung<\/h3><p>Wir sind nicht bereit oder verpflichtet, an Streitbeilegungsverfahren vor einer Verbraucherschlichtungsstelle teilzunehmen.<\/p><p>\u00a0<\/p><h3>4. Hinweis zur K\u00fcnstlersozialabgabe<\/h3><p>Bitte informieren Sie sich \u00fcber eine etwaige Abgabepflicht f\u00fcr Verwerter bei der\u00a0<a title=\"Zur Website der K\u00fcnstlersozialkasse\" href=\"http:\/\/www.kuenstlersozialkasse.de\/\" target=\"_blank\" rel=\"noopener noreferrer\">K\u00fcnstlersozialkasse<\/a>\u00a0(KSK).<\/p>\t\t\t\t\t\t\t\t<\/div>\n\t\t\t\t<\/div>\n\t\t\t\t\t<\/div>\n\t\t<\/div>\n\t\t\t\t<div class=\"elementor-column elementor-col-50 elementor-top-column elementor-element elementor-element-0d572a6\" data-id=\"0d572a6\" data-element_type=\"column\" data-e-type=\"column\">\n\t\t\t<div class=\"elementor-widget-wrap elementor-element-populated\">\n\t\t\t\t\t\t<div class=\"elementor-element elementor-element-0c7d434 elementor-widget elementor-widget-text-editor\" data-id=\"0c7d434\" data-element_type=\"widget\" data-e-type=\"widget\" data-widget_type=\"text-editor.default\">\n\t\t\t\t<div class=\"elementor-widget-container\">\n\t\t\t\t\t\t\t\t\t<h3>5. Haftung f\u00fcr Inhalte<\/h3><p>Als Diensteanbieter sind wir gem\u00e4\u00df \u00a7 7 Abs.1 TMG f\u00fcr eigene Inhalte auf diesen Seiten nach den allgemeinen Gesetzen verantwortlich. Nach \u00a7\u00a7 8 bis 10 TMG sind wir als Diensteanbieter jedoch nicht verpflichtet, \u00fcbermittelte oder gespeicherte fremde Informationen zu \u00fcberwachen oder nach Umst\u00e4nden zu forschen, die auf eine rechtswidrige T\u00e4tigkeit hinweisen.<\/p><p>Verpflichtungen zur Entfernung oder Sperrung der Nutzung von Informationen nach den allgemeinen Gesetzen bleiben hiervon unber\u00fchrt. Eine diesbez\u00fcgliche Haftung ist jedoch erst ab dem Zeitpunkt der Kenntnis einer konkreten Rechtsverletzung m\u00f6glich. Bei Bekanntwerden von entsprechenden Rechtsverletzungen werden wir diese Inhalte umgehend entfernen.<\/p><p>\u00a0<\/p><h3>6. Haftung f\u00fcr Links<\/h3><p>Unser Angebot enth\u00e4lt Links zu externen Websites Dritter, auf deren Inhalte wir keinen Einfluss haben. Deshalb k\u00f6nnen wir f\u00fcr diese fremden Inhalte auch keine Gew\u00e4hr \u00fcbernehmen. F\u00fcr die Inhalte der verlinkten Seiten ist stets der jeweilige Anbieter oder Betreiber der Seiten verantwortlich. Die verlinkten Seiten wurden zum Zeitpunkt der Verlinkung auf m\u00f6gliche Rechtsverst\u00f6\u00dfe \u00fcberpr\u00fcft. Rechtswidrige Inhalte waren zum Zeitpunkt der Verlinkung nicht erkennbar.<\/p><p>Eine permanente inhaltliche Kontrolle der verlinkten Seiten ist jedoch ohne konkrete Anhaltspunkte einer Rechtsverletzung nicht zumutbar. Bei Bekanntwerden von Rechtsverletzungen werden wir derartige Links umgehend entfernen.<\/p><p>\u00a0<\/p><h3>7. Urheberrecht<\/h3><p>Die durch die Seitenbetreiber erstellten Inhalte und Werke auf diesen Seiten unterliegen dem deutschen Urheberrecht. Die Vervielf\u00e4ltigung, Bearbeitung, Verbreitung und jede Art der Verwertung au\u00dferhalb der Grenzen des Urheberrechtes bed\u00fcrfen der schriftlichen Zustimmung des jeweiligen Autors bzw. Erstellers. Downloads und Kopien dieser Seite sind nur f\u00fcr den privaten, nicht kommerziellen Gebrauch gestattet.<\/p><p>Soweit die Inhalte auf dieser Seite nicht vom Betreiber erstellt wurden, werden die Urheberrechte Dritter beachtet. Insbesondere werden Inhalte Dritter als solche gekennzeichnet. Sollten Sie trotzdem auf eine Urheberrechtsverletzung aufmerksam werden, bitten wir um einen entsprechenden Hinweis. Bei Bekanntwerden von Rechtsverletzungen werden wir derartige Inhalte umgehend entfernen.<\/p>\t\t\t\t\t\t\t\t<\/div>\n\t\t\t\t<\/div>\n\t\t\t\t\t<\/div>\n\t\t<\/div>\n\t\t\t\t\t<\/div>\n\t\t<\/section>\n\t\t\t\t<\/div>\n\t\t","protected":false},"excerpt":{"rendered":"<p>Imprint &lt; Back 1. Angaben gem\u00e4\u00df \u00a7 5 TMG XDnavigator Michael Dedio Goldbacher Stra\u00dfe 100 63741 Aschaffenburg Telefon: 06021 13048090 Telefax: 06021 13048099 E-Mail:\u00a0info@xdnavigator.de Umsatzsteuer-ID (Ust.-ID gem\u00e4\u00df \u00a727 a Umsatzsteuergesetz): DE206896828 2. Verantwortlichkeit Verantwortlich f\u00fcr den Inhalt nach \u00a7 55 Abs. 2 RStV: Michael Dedio (Anschrift wie oben) Copyright \u00a9 XDnavigator, Michael Dedio. Diese Webseite [&hellip;]<\/p>\n","protected":false},"author":1,"featured_media":0,"parent":0,"menu_order":7,"comment_status":"closed","ping_status":"closed","template":"","meta":{"footnotes":""},"class_list":["post-6979","page","type-page","status-publish","hentry","wpbf-post"],"yoast_head":"<!-- This site is optimized with the Yoast SEO plugin v27.1.1 - https:\/\/yoast.com\/product\/yoast-seo-wordpress\/ -->\n<title>Imprint &#8211; XDnavigator<\/title>\n<meta name=\"robots\" content=\"noindex, nofollow\" \/>\n<meta property=\"og:locale\" content=\"en_US\" \/>\n<meta property=\"og:type\" content=\"article\" \/>\n<meta property=\"og:title\" content=\"Imprint &#8211; XDnavigator\" \/>\n<meta property=\"og:description\" content=\"Imprint &lt; Back 1. Angaben gem\u00e4\u00df \u00a7 5 TMG XDnavigator Michael Dedio Goldbacher Stra\u00dfe 100 63741 Aschaffenburg Telefon: 06021 13048090 Telefax: 06021 13048099 E-Mail:\u00a0info@xdnavigator.de Umsatzsteuer-ID (Ust.-ID gem\u00e4\u00df \u00a727 a Umsatzsteuergesetz): DE206896828 2. Verantwortlichkeit Verantwortlich f\u00fcr den Inhalt nach \u00a7 55 Abs. 2 RStV: Michael Dedio (Anschrift wie oben) Copyright \u00a9 XDnavigator, Michael Dedio. Diese Webseite [&hellip;]\" \/>\n<meta property=\"og:url\" content=\"https:\/\/xdnavigator.de\/en\/imprint\/\" \/>\n<meta property=\"og:site_name\" content=\"XDnavigator\" \/>\n<meta property=\"article:modified_time\" content=\"2021-11-10T11:11:13+00:00\" \/>\n<meta name=\"twitter:card\" content=\"summary_large_image\" \/>\n<meta name=\"twitter:label1\" content=\"Est. reading time\" \/>\n\t<meta name=\"twitter:data1\" content=\"2 minutes\" \/>\n<script type=\"application\/ld+json\" class=\"yoast-schema-graph\">{\"@context\":\"https:\/\/schema.org\",\"@graph\":[{\"@type\":\"WebPage\",\"@id\":\"https:\/\/xdnavigator.de\/en\/imprint\/\",\"url\":\"https:\/\/xdnavigator.de\/en\/imprint\/\",\"name\":\"Imprint &#8211; XDnavigator\",\"isPartOf\":{\"@id\":\"https:\/\/xdnavigator.de\/en\/#website\"},\"datePublished\":\"2020-02-22T12:59:20+00:00\",\"dateModified\":\"2021-11-10T11:11:13+00:00\",\"breadcrumb\":{\"@id\":\"https:\/\/xdnavigator.de\/en\/imprint\/#breadcrumb\"},\"inLanguage\":\"en-US\",\"potentialAction\":[{\"@type\":\"ReadAction\",\"target\":[\"https:\/\/xdnavigator.de\/en\/imprint\/\"]}]},{\"@type\":\"BreadcrumbList\",\"@id\":\"https:\/\/xdnavigator.de\/en\/imprint\/#breadcrumb\",\"itemListElement\":[{\"@type\":\"ListItem\",\"position\":1,\"name\":\"Startseite\",\"item\":\"https:\/\/www.xdnavigator.com\/\"},{\"@type\":\"ListItem\",\"position\":2,\"name\":\"Imprint\"}]},{\"@type\":\"WebSite\",\"@id\":\"https:\/\/xdnavigator.de\/en\/#website\",\"url\":\"https:\/\/xdnavigator.de\/en\/\",\"name\":\"XDnavigator\",\"description\":\"Interaktiver 3D-Navigator f\u00fcr Immobilien und sonstige Geb\u00e4ude\",\"publisher\":{\"@id\":\"https:\/\/xdnavigator.de\/en\/#organization\"},\"potentialAction\":[{\"@type\":\"SearchAction\",\"target\":{\"@type\":\"EntryPoint\",\"urlTemplate\":\"https:\/\/xdnavigator.de\/en\/?s={search_term_string}\"},\"query-input\":{\"@type\":\"PropertyValueSpecification\",\"valueRequired\":true,\"valueName\":\"search_term_string\"}}],\"inLanguage\":\"en-US\"},{\"@type\":\"Organization\",\"@id\":\"https:\/\/xdnavigator.de\/en\/#organization\",\"name\":\"XDnavigator\",\"url\":\"https:\/\/xdnavigator.de\/en\/\",\"logo\":{\"@type\":\"ImageObject\",\"inLanguage\":\"en-US\",\"@id\":\"https:\/\/xdnavigator.de\/en\/#\/schema\/logo\/image\/\",\"url\":\"\",\"contentUrl\":\"\",\"caption\":\"XDnavigator\"},\"image\":{\"@id\":\"https:\/\/xdnavigator.de\/en\/#\/schema\/logo\/image\/\"},\"sameAs\":[\"https:\/\/www.instagram.com\/xdnavigator\/\"]}]}<\/script>\n<!-- \/ Yoast SEO plugin. -->","yoast_head_json":{"title":"Imprint &#8211; XDnavigator","robots":{"index":"noindex","follow":"nofollow"},"og_locale":"en_US","og_type":"article","og_title":"Imprint &#8211; XDnavigator","og_description":"Imprint &lt; Back 1. Angaben gem\u00e4\u00df \u00a7 5 TMG XDnavigator Michael Dedio Goldbacher Stra\u00dfe 100 63741 Aschaffenburg Telefon: 06021 13048090 Telefax: 06021 13048099 E-Mail:\u00a0info@xdnavigator.de Umsatzsteuer-ID (Ust.-ID gem\u00e4\u00df \u00a727 a Umsatzsteuergesetz): DE206896828 2. Verantwortlichkeit Verantwortlich f\u00fcr den Inhalt nach \u00a7 55 Abs. 2 RStV: Michael Dedio (Anschrift wie oben) Copyright \u00a9 XDnavigator, Michael Dedio. Diese Webseite [&hellip;]","og_url":"https:\/\/xdnavigator.de\/en\/imprint\/","og_site_name":"XDnavigator","article_modified_time":"2021-11-10T11:11:13+00:00","twitter_card":"summary_large_image","twitter_misc":{"Est. reading time":"2 minutes"},"schema":{"@context":"https:\/\/schema.org","@graph":[{"@type":"WebPage","@id":"https:\/\/xdnavigator.de\/en\/imprint\/","url":"https:\/\/xdnavigator.de\/en\/imprint\/","name":"Imprint &#8211; XDnavigator","isPartOf":{"@id":"https:\/\/xdnavigator.de\/en\/#website"},"datePublished":"2020-02-22T12:59:20+00:00","dateModified":"2021-11-10T11:11:13+00:00","breadcrumb":{"@id":"https:\/\/xdnavigator.de\/en\/imprint\/#breadcrumb"},"inLanguage":"en-US","potentialAction":[{"@type":"ReadAction","target":["https:\/\/xdnavigator.de\/en\/imprint\/"]}]},{"@type":"BreadcrumbList","@id":"https:\/\/xdnavigator.de\/en\/imprint\/#breadcrumb","itemListElement":[{"@type":"ListItem","position":1,"name":"Startseite","item":"https:\/\/www.xdnavigator.com\/"},{"@type":"ListItem","position":2,"name":"Imprint"}]},{"@type":"WebSite","@id":"https:\/\/xdnavigator.de\/en\/#website","url":"https:\/\/xdnavigator.de\/en\/","name":"XDnavigator","description":"Interaktiver 3D-Navigator f\u00fcr Immobilien und sonstige Geb\u00e4ude","publisher":{"@id":"https:\/\/xdnavigator.de\/en\/#organization"},"potentialAction":[{"@type":"SearchAction","target":{"@type":"EntryPoint","urlTemplate":"https:\/\/xdnavigator.de\/en\/?s={search_term_string}"},"query-input":{"@type":"PropertyValueSpecification","valueRequired":true,"valueName":"search_term_string"}}],"inLanguage":"en-US"},{"@type":"Organization","@id":"https:\/\/xdnavigator.de\/en\/#organization","name":"XDnavigator","url":"https:\/\/xdnavigator.de\/en\/","logo":{"@type":"ImageObject","inLanguage":"en-US","@id":"https:\/\/xdnavigator.de\/en\/#\/schema\/logo\/image\/","url":"","contentUrl":"","caption":"XDnavigator"},"image":{"@id":"https:\/\/xdnavigator.de\/en\/#\/schema\/logo\/image\/"},"sameAs":["https:\/\/www.instagram.com\/xdnavigator\/"]}]}},"_links":{"self":[{"href":"https:\/\/xdnavigator.de\/en\/wp-json\/wp\/v2\/pages\/6979","targetHints":{"allow":["GET"]}}],"collection":[{"href":"https:\/\/xdnavigator.de\/en\/wp-json\/wp\/v2\/pages"}],"about":[{"href":"https:\/\/xdnavigator.de\/en\/wp-json\/wp\/v2\/types\/page"}],"author":[{"embeddable":true,"href":"https:\/\/xdnavigator.de\/en\/wp-json\/wp\/v2\/users\/1"}],"replies":[{"embeddable":true,"href":"https:\/\/xdnavigator.de\/en\/wp-json\/wp\/v2\/comments?post=6979"}],"version-history":[{"count":5,"href":"https:\/\/xdnavigator.de\/en\/wp-json\/wp\/v2\/pages\/6979\/revisions"}],"predecessor-version":[{"id":6990,"href":"https:\/\/xdnavigator.de\/en\/wp-json\/wp\/v2\/pages\/6979\/revisions\/6990"}],"wp:attachment":[{"href":"https:\/\/xdnavigator.de\/en\/wp-json\/wp\/v2\/media?parent=6979"}],"curies":[{"name":"wp","href":"https:\/\/api.w.org\/{rel}","templated":true}]}}